{"id":244,"date":"2021-03-25T12:48:41","date_gmt":"2021-03-25T12:48:41","guid":{"rendered":"https:\/\/visurca.com\/web2021\/?page_id=244"},"modified":"2023-04-17T13:35:59","modified_gmt":"2023-04-17T17:35:59","slug":"mision-y-vision","status":"publish","type":"page","link":"https:\/\/visurca.com\/web2021\/mision-y-vision\/","title":{"rendered":"Nosotros"},"content":{"rendered":"\t\t<div data-elementor-type=\"wp-page\" data-elementor-id=\"244\" class=\"elementor elementor-244\">\n\t\t\t\t\t\t<section class=\"elementor-section elementor-top-section elementor-element elementor-element-405c0633 elementor-section-boxed elementor-section-height-default elementor-section-height-default\" data-id=\"405c0633\" data-element_type=\"section\" data-e-type=\"section\" data-settings=\"{&quot;background_background&quot;:&quot;slideshow&quot;,&quot;background_slideshow_gallery&quot;:[{&quot;id&quot;:908,&quot;url&quot;:&quot;https:\\\/\\\/visurca.com\\\/web2021\\\/wp-content\\\/uploads\\\/2021\\\/03\\\/14-scaled.jpg&quot;},{&quot;id&quot;:744,&quot;url&quot;:&quot;https:\\\/\\\/visurca.com\\\/web2021\\\/wp-content\\\/uploads\\\/2021\\\/03\\\/8.jpg&quot;},{&quot;id&quot;:1620,&quot;url&quot;:&quot;https:\\\/\\\/visurca.com\\\/web2021\\\/wp-content\\\/uploads\\\/2021\\\/03\\\/2-mod-scaled.jpg&quot;},{&quot;id&quot;:1624,&quot;url&quot;:&quot;https:\\\/\\\/visurca.com\\\/web2021\\\/wp-content\\\/uploads\\\/2021\\\/03\\\/1-mod-scaled.jpg&quot;},{&quot;id&quot;:1485,&quot;url&quot;:&quot;https:\\\/\\\/visurca.com\\\/web2021\\\/wp-content\\\/uploads\\\/2021\\\/03\\\/2-3.jpg&quot;},{&quot;id&quot;:1486,&quot;url&quot;:&quot;https:\\\/\\\/visurca.com\\\/web2021\\\/wp-content\\\/uploads\\\/2021\\\/03\\\/3-scaled.jpg&quot;},{&quot;id&quot;:1689,&quot;url&quot;:&quot;https:\\\/\\\/visurca.com\\\/web2021\\\/wp-content\\\/uploads\\\/2021\\\/03\\\/6.jpg&quot;},{&quot;id&quot;:685,&quot;url&quot;:&quot;https:\\\/\\\/visurca.com\\\/web2021\\\/wp-content\\\/uploads\\\/2021\\\/03\\\/1-1.png&quot;},{&quot;id&quot;:141,&quot;url&quot;:&quot;https:\\\/\\\/visurca.com\\\/web2021\\\/wp-content\\\/uploads\\\/2021\\\/03\\\/cropped-5-2.jpg&quot;}],&quot;background_slideshow_ken_burns&quot;:&quot;yes&quot;,&quot;background_slideshow_loop&quot;:&quot;yes&quot;,&quot;background_slideshow_slide_duration&quot;:5000,&quot;background_slideshow_slide_transition&quot;:&quot;fade&quot;,&quot;background_slideshow_transition_duration&quot;:500,&quot;background_slideshow_ken_burns_zoom_direction&quot;:&quot;in&quot;}\">\n\t\t\t\t\t\t<div class=\"elementor-container elementor-column-gap-default\">\n\t\t\t\t\t<div class=\"elementor-column elementor-col-20 elementor-top-column elementor-element elementor-element-4b1261c1\" data-id=\"4b1261c1\" data-element_type=\"column\" data-e-type=\"column\">\n\t\t\t<div class=\"elementor-widget-wrap\">\n\t\t\t\t\t\t\t<\/div>\n\t\t<\/div>\n\t\t\t\t<div class=\"elementor-column elementor-col-20 elementor-top-column elementor-element elementor-element-656598b3\" data-id=\"656598b3\" data-element_type=\"column\" data-e-type=\"column\">\n\t\t\t<div class=\"elementor-widget-wrap\">\n\t\t\t\t\t\t\t<\/div>\n\t\t<\/div>\n\t\t\t\t<div class=\"elementor-column elementor-col-20 elementor-top-column elementor-element elementor-element-3cc9585f\" data-id=\"3cc9585f\" data-element_type=\"column\" data-e-type=\"column\">\n\t\t\t<div class=\"elementor-widget-wrap\">\n\t\t\t\t\t\t\t<\/div>\n\t\t<\/div>\n\t\t\t\t<div class=\"elementor-column elementor-col-20 elementor-top-column elementor-element elementor-element-1f965747\" data-id=\"1f965747\" data-element_type=\"column\" data-e-type=\"column\">\n\t\t\t<div class=\"elementor-widget-wrap\">\n\t\t\t\t\t\t\t<\/div>\n\t\t<\/div>\n\t\t\t\t<div class=\"elementor-column elementor-col-20 elementor-top-column elementor-element elementor-element-4fee7ece\" data-id=\"4fee7ece\" data-element_type=\"column\" data-e-type=\"column\">\n\t\t\t<div class=\"elementor-widget-wrap\">\n\t\t\t\t\t\t\t<\/div>\n\t\t<\/div>\n\t\t\t\t\t<\/div>\n\t\t<\/section>\n\t\t\t\t<section class=\"elementor-section elementor-top-section elementor-element elementor-element-98572cc elementor-section-boxed elementor-section-height-default elementor-section-height-default\" data-id=\"98572cc\" data-element_type=\"section\" data-e-type=\"section\">\n\t\t\t\t\t\t<div class=\"elementor-container elementor-column-gap-default\">\n\t\t\t\t\t<div class=\"elementor-column elementor-col-50 elementor-top-column elementor-element elementor-element-d851a94\" data-id=\"d851a94\" data-element_type=\"column\" data-e-type=\"column\">\n\t\t\t<div class=\"elementor-widget-wrap elementor-element-populated\">\n\t\t\t\t\t\t<div class=\"elementor-element elementor-element-dd63124 elementor-widget elementor-widget-spacer\" data-id=\"dd63124\" data-element_type=\"widget\" data-e-type=\"widget\" data-widget_type=\"spacer.default\">\n\t\t\t\t<div class=\"elementor-widget-container\">\n\t\t\t\t\t\t\t<div class=\"elementor-spacer\">\n\t\t\t<div class=\"elementor-spacer-inner\"><\/div>\n\t\t<\/div>\n\t\t\t\t\t\t<\/div>\n\t\t\t\t<\/div>\n\t\t\t\t<div class=\"elementor-element elementor-element-06364eb elementor-widget elementor-widget-image\" data-id=\"06364eb\" data-element_type=\"widget\" data-e-type=\"widget\" data-widget_type=\"image.default\">\n\t\t\t\t<div class=\"elementor-widget-container\">\n\t\t\t\t\t\t\t\t\t\t\t\t\t\t\t<img fetchpriority=\"high\" decoding=\"async\" width=\"300\" height=\"204\" src=\"https:\/\/i0.wp.com\/visurca.com\/web2021\/wp-content\/uploads\/2021\/03\/log1976430.png?fit=300%2C204&amp;ssl=1\" class=\"attachment-medium size-medium wp-image-242\" alt=\"\" srcset=\"https:\/\/i0.wp.com\/visurca.com\/web2021\/wp-content\/uploads\/2021\/03\/log1976430.png?w=430&amp;ssl=1 430w, https:\/\/i0.wp.com\/visurca.com\/web2021\/wp-content\/uploads\/2021\/03\/log1976430.png?resize=300%2C204&amp;ssl=1 300w\" sizes=\"(max-width: 300px) 100vw, 300px\" \/>\t\t\t\t\t\t\t\t\t\t\t\t\t\t\t<\/div>\n\t\t\t\t<\/div>\n\t\t\t\t<div class=\"elementor-element elementor-element-5592f8a elementor-widget elementor-widget-image\" data-id=\"5592f8a\" data-element_type=\"widget\" data-e-type=\"widget\" data-widget_type=\"image.default\">\n\t\t\t\t<div class=\"elementor-widget-container\">\n\t\t\t\t\t\t\t\t\t\t\t\t\t\t\t<img decoding=\"async\" width=\"250\" height=\"170\" data-src=\"https:\/\/i0.wp.com\/visurca.com\/web2021\/wp-content\/uploads\/2021\/03\/log1978.jpg?fit=250%2C170&amp;ssl=1\" class=\"attachment-large size-large wp-image-237 lazyload\" alt=\"\" src=\"data:image\/svg+xml;base64,PHN2ZyB3aWR0aD0iMSIgaGVpZ2h0PSIxIiB4bWxucz0iaHR0cDovL3d3dy53My5vcmcvMjAwMC9zdmciPjwvc3ZnPg==\" style=\"--smush-placeholder-width: 250px; --smush-placeholder-aspect-ratio: 250\/170;\" \/>\t\t\t\t\t\t\t\t\t\t\t\t\t\t\t<\/div>\n\t\t\t\t<\/div>\n\t\t\t\t\t<\/div>\n\t\t<\/div>\n\t\t\t\t<div class=\"elementor-column elementor-col-50 elementor-top-column elementor-element elementor-element-b8c14bc\" data-id=\"b8c14bc\" data-element_type=\"column\" data-e-type=\"column\">\n\t\t\t<div class=\"elementor-widget-wrap elementor-element-populated\">\n\t\t\t\t\t\t<div class=\"elementor-element elementor-element-57551b8 elementor-widget elementor-widget-spacer\" data-id=\"57551b8\" data-element_type=\"widget\" data-e-type=\"widget\" data-widget_type=\"spacer.default\">\n\t\t\t\t<div class=\"elementor-widget-container\">\n\t\t\t\t\t\t\t<div class=\"elementor-spacer\">\n\t\t\t<div class=\"elementor-spacer-inner\"><\/div>\n\t\t<\/div>\n\t\t\t\t\t\t<\/div>\n\t\t\t\t<\/div>\n\t\t\t\t<div class=\"elementor-element elementor-element-ae80496 elementor-widget elementor-widget-heading\" data-id=\"ae80496\" data-element_type=\"widget\" data-e-type=\"widget\" data-widget_type=\"heading.default\">\n\t\t\t\t<div class=\"elementor-widget-container\">\n\t\t\t\t\t<h5 class=\"elementor-heading-title elementor-size-default\">VISUR es una empresa l\u00edder en la industria de la construcci\u00f3n, con una trayectoria de \u00e9xito que se remonta al 24 de noviembre de 1975, cuando fue fundada con el objetivo de emprender actividades en este \u00e1mbito. Con m\u00e1s de cuatro d\u00e9cadas de experiencia y un s\u00f3lido compromiso con la calidad y la excelencia, VISUR ha logrado consolidarse como una de las empresas m\u00e1s reconocidas en el mercado venezolano. Su inscripci\u00f3n en la C\u00c1MARA VENEZOLANA DE LA CONSTRUCCI\u00d3N, bajo el N\u00b0 724 desde el 29 de mayo de 1984, es una muestra de su firme compromiso con los m\u00e1s altos est\u00e1ndares de calidad y profesionalismo en todas sus actividades. Con VISUR, puede confiar en un socio confiable y experto que est\u00e1 a la vanguardia de la innovaci\u00f3n y la excelencia en la construcci\u00f3n.<\/h5>\t\t\t\t<\/div>\n\t\t\t\t<\/div>\n\t\t\t\t\t<\/div>\n\t\t<\/div>\n\t\t\t\t\t<\/div>\n\t\t<\/section>\n\t\t\t\t<section class=\"elementor-section elementor-top-section elementor-element elementor-element-35ae56ba elementor-section-content-middle elementor-section-boxed elementor-section-height-default elementor-section-height-default\" data-id=\"35ae56ba\" data-element_type=\"section\" data-e-type=\"section\">\n\t\t\t\t\t\t<div class=\"elementor-container elementor-column-gap-default\">\n\t\t\t\t\t<div class=\"elementor-column elementor-col-66 elementor-top-column elementor-element elementor-element-c244aa4\" data-id=\"c244aa4\" data-element_type=\"column\" data-e-type=\"column\">\n\t\t\t<div class=\"elementor-widget-wrap elementor-element-populated\">\n\t\t\t\t\t\t<div class=\"elementor-element elementor-element-fe72452 elementor-widget elementor-widget-heading\" data-id=\"fe72452\" data-element_type=\"widget\" data-e-type=\"widget\" data-widget_type=\"heading.default\">\n\t\t\t\t<div class=\"elementor-widget-container\">\n\t\t\t\t\t<h4 class=\"elementor-heading-title elementor-size-default\">MISI\u00d3N<\/h4>\t\t\t\t<\/div>\n\t\t\t\t<\/div>\n\t\t\t\t<div class=\"elementor-element elementor-element-c0e2a5f elementor-widget elementor-widget-heading\" data-id=\"c0e2a5f\" data-element_type=\"widget\" data-e-type=\"widget\" data-widget_type=\"heading.default\">\n\t\t\t\t<div class=\"elementor-widget-container\">\n\t\t\t\t\t<h2 class=\"elementor-heading-title elementor-size-default\">Satisfacer las necesidades de nuestros clientes siguiendo los est\u00e1ndares de calidad, conservaci\u00f3n del medio ambiente y eficiencia de la ejecuci\u00f3n de cada contrato de obra, los cuales son el motivo para seguir mejorando los procesos que nos permitan ser m\u00e1s competitivos en el \u00e1rea de la construcci\u00f3n y obtener una rentabilidad sostenible en el tiempo, con la participaci\u00f3n de nuestro capital humano.<\/h2>\t\t\t\t<\/div>\n\t\t\t\t<\/div>\n\t\t\t\t\t<\/div>\n\t\t<\/div>\n\t\t\t\t<div class=\"elementor-column elementor-col-33 elementor-top-column elementor-element elementor-element-bb07712\" data-id=\"bb07712\" data-element_type=\"column\" data-e-type=\"column\">\n\t\t\t<div class=\"elementor-widget-wrap elementor-element-populated\">\n\t\t\t\t\t\t<div class=\"elementor-element elementor-element-92d6575 elementor-widget elementor-widget-spacer\" data-id=\"92d6575\" data-element_type=\"widget\" data-e-type=\"widget\" data-widget_type=\"spacer.default\">\n\t\t\t\t<div class=\"elementor-widget-container\">\n\t\t\t\t\t\t\t<div class=\"elementor-spacer\">\n\t\t\t<div class=\"elementor-spacer-inner\"><\/div>\n\t\t<\/div>\n\t\t\t\t\t\t<\/div>\n\t\t\t\t<\/div>\n\t\t\t\t<div class=\"elementor-element elementor-element-e903fd8 elementor-widget elementor-widget-image\" data-id=\"e903fd8\" data-element_type=\"widget\" data-e-type=\"widget\" data-widget_type=\"image.default\">\n\t\t\t\t<div class=\"elementor-widget-container\">\n\t\t\t\t\t\t\t\t\t\t\t\t\t\t\t<img decoding=\"async\" width=\"1024\" height=\"1024\" data-src=\"https:\/\/i0.wp.com\/visurca.com\/web2021\/wp-content\/uploads\/2023\/04\/DALL%C2%B7E-2023-04-02-11.13.10-arte-digital-de-un-viaje-en-autopista-.png?fit=1024%2C1024&amp;ssl=1\" class=\"attachment-large size-large wp-image-2069 lazyload\" alt=\"\" src=\"data:image\/svg+xml;base64,PHN2ZyB3aWR0aD0iMSIgaGVpZ2h0PSIxIiB4bWxucz0iaHR0cDovL3d3dy53My5vcmcvMjAwMC9zdmciPjwvc3ZnPg==\" style=\"--smush-placeholder-width: 1024px; --smush-placeholder-aspect-ratio: 1024\/1024;\" \/>\t\t\t\t\t\t\t\t\t\t\t\t\t\t\t<\/div>\n\t\t\t\t<\/div>\n\t\t\t\t\t<\/div>\n\t\t<\/div>\n\t\t\t\t\t<\/div>\n\t\t<\/section>\n\t\t\t\t<section class=\"elementor-section elementor-top-section elementor-element elementor-element-6abf35c9 elementor-section-content-middle ops-section elementor-section-boxed elementor-section-height-default elementor-section-height-default\" data-id=\"6abf35c9\" data-element_type=\"section\" data-e-type=\"section\" data-settings=\"{&quot;background_background&quot;:&quot;classic&quot;,&quot;ekit_has_onepagescroll&quot;:&quot;section&quot;}\">\n\t\t\t\t\t\t<div class=\"elementor-container elementor-column-gap-no\">\n\t\t\t\t\t<div class=\"elementor-column elementor-col-50 elementor-top-column elementor-element elementor-element-335aa5a8\" data-id=\"335aa5a8\" data-element_type=\"column\" data-e-type=\"column\">\n\t\t\t<div class=\"elementor-widget-wrap elementor-element-populated\">\n\t\t\t\t\t\t<div class=\"elementor-element elementor-element-6c113e2a elementor-widget elementor-widget-image\" data-id=\"6c113e2a\" data-element_type=\"widget\" data-e-type=\"widget\" data-widget_type=\"image.default\">\n\t\t\t\t<div class=\"elementor-widget-container\">\n\t\t\t\t\t\t\t\t\t\t\t\t\t\t\t<img decoding=\"async\" width=\"1024\" height=\"1024\" data-src=\"https:\/\/i0.wp.com\/visurca.com\/web2021\/wp-content\/uploads\/2023\/04\/DALL%C2%B7E-2023-04-02-11.39.33-arte-digital-maquinaria-en-movimiento-de-tierra.png?fit=1024%2C1024&amp;ssl=1\" class=\"attachment-full size-full wp-image-2105 lazyload\" alt=\"\" src=\"data:image\/svg+xml;base64,PHN2ZyB3aWR0aD0iMSIgaGVpZ2h0PSIxIiB4bWxucz0iaHR0cDovL3d3dy53My5vcmcvMjAwMC9zdmciPjwvc3ZnPg==\" style=\"--smush-placeholder-width: 1024px; --smush-placeholder-aspect-ratio: 1024\/1024;\" \/>\t\t\t\t\t\t\t\t\t\t\t\t\t\t\t<\/div>\n\t\t\t\t<\/div>\n\t\t\t\t\t<\/div>\n\t\t<\/div>\n\t\t\t\t<div class=\"elementor-column elementor-col-50 elementor-top-column elementor-element elementor-element-2ae76b68\" data-id=\"2ae76b68\" data-element_type=\"column\" data-e-type=\"column\">\n\t\t\t<div class=\"elementor-widget-wrap elementor-element-populated\">\n\t\t\t\t\t\t<div class=\"elementor-element elementor-element-4fbce71c elementor-widget elementor-widget-heading\" data-id=\"4fbce71c\" data-element_type=\"widget\" data-e-type=\"widget\" data-widget_type=\"heading.default\">\n\t\t\t\t<div class=\"elementor-widget-container\">\n\t\t\t\t\t<h4 class=\"elementor-heading-title elementor-size-default\">Visi\u00f3n<\/h4>\t\t\t\t<\/div>\n\t\t\t\t<\/div>\n\t\t\t\t<div class=\"elementor-element elementor-element-3953ab2d elementor-widget elementor-widget-text-editor\" data-id=\"3953ab2d\" data-element_type=\"widget\" data-e-type=\"widget\" data-widget_type=\"text-editor.default\">\n\t\t\t\t<div class=\"elementor-widget-container\">\n\t\t\t\t\t\t\t\t\t<p>Mantener un importante crecimiento en <br \/>la industria de la construcci\u00f3n que nos permita ser protagonista de grandes obras que contribuyan con el desarrollo del pa\u00eds y de la sociedad.<\/p>\t\t\t\t\t\t\t\t<\/div>\n\t\t\t\t<\/div>\n\t\t\t\t\t<\/div>\n\t\t<\/div>\n\t\t\t\t\t<\/div>\n\t\t<\/section>\n\t\t\t\t<section class=\"elementor-section elementor-top-section elementor-element elementor-element-88f0b34 elementor-section-full_width elementor-section-height-default elementor-section-height-default\" data-id=\"88f0b34\" data-element_type=\"section\" data-e-type=\"section\">\n\t\t\t\t\t\t<div class=\"elementor-container elementor-column-gap-no\">\n\t\t\t\t\t<div class=\"elementor-column elementor-col-100 elementor-top-column elementor-element elementor-element-fcb6c0f\" data-id=\"fcb6c0f\" data-element_type=\"column\" data-e-type=\"column\">\n\t\t\t<div class=\"elementor-widget-wrap elementor-element-populated\">\n\t\t\t\t\t\t<div class=\"elementor-element elementor-element-3155308 elementor-widget-divider--view-line elementor-widget elementor-widget-divider\" data-id=\"3155308\" data-element_type=\"widget\" data-e-type=\"widget\" data-widget_type=\"divider.default\">\n\t\t\t\t<div class=\"elementor-widget-container\">\n\t\t\t\t\t\t\t<div class=\"elementor-divider\">\n\t\t\t<span class=\"elementor-divider-separator\">\n\t\t\t\t\t\t<\/span>\n\t\t<\/div>\n\t\t\t\t\t\t<\/div>\n\t\t\t\t<\/div>\n\t\t\t\t<div class=\"elementor-element elementor-element-9d28a5b elementor-widget elementor-widget-spacer\" data-id=\"9d28a5b\" data-element_type=\"widget\" data-e-type=\"widget\" data-widget_type=\"spacer.default\">\n\t\t\t\t<div class=\"elementor-widget-container\">\n\t\t\t\t\t\t\t<div class=\"elementor-spacer\">\n\t\t\t<div class=\"elementor-spacer-inner\"><\/div>\n\t\t<\/div>\n\t\t\t\t\t\t<\/div>\n\t\t\t\t<\/div>\n\t\t\t\t\t<\/div>\n\t\t<\/div>\n\t\t\t\t\t<\/div>\n\t\t<\/section>\n\t\t\t\t<section class=\"elementor-section elementor-top-section elementor-element elementor-element-5176ebfc elementor-section-stretched elementor-section-boxed elementor-section-height-default elementor-section-height-default\" data-id=\"5176ebfc\" data-element_type=\"section\" data-e-type=\"section\" data-settings=\"{&quot;background_background&quot;:&quot;classic&quot;,&quot;stretch_section&quot;:&quot;section-stretched&quot;}\">\n\t\t\t\t\t\t<div class=\"elementor-container elementor-column-gap-default\">\n\t\t\t\t\t<div class=\"elementor-column elementor-col-33 elementor-top-column elementor-element elementor-element-70bd3512\" data-id=\"70bd3512\" data-element_type=\"column\" data-e-type=\"column\">\n\t\t\t<div class=\"elementor-widget-wrap elementor-element-populated\">\n\t\t\t\t\t\t<div class=\"elementor-element elementor-element-1b1de958 elementor-alert-info elementor-widget elementor-widget-alert\" data-id=\"1b1de958\" data-element_type=\"widget\" data-e-type=\"widget\" data-widget_type=\"alert.default\">\n\t\t\t\t<div class=\"elementor-widget-container\">\n\t\t\t\t\t\t\t<div class=\"elementor-alert\" role=\"alert\">\n\n\t\t\t\t\t\t<span class=\"elementor-alert-title\">Vias del Sur C.A.  <span style=\"font-family: Arial, Helvetica, sans-serif;font-size: 10px;font-weight: 400;text-align: -webkit-center\">RIF.:J-00751258-8<\/span><\/span>\n\t\t\t\n\t\t\t\n\t\t\t\n\t\t<\/div>\n\t\t\t\t\t\t<\/div>\n\t\t\t\t<\/div>\n\t\t\t\t\t<\/div>\n\t\t<\/div>\n\t\t\t\t<div class=\"elementor-column elementor-col-33 elementor-top-column elementor-element elementor-element-aff6aad\" data-id=\"aff6aad\" data-element_type=\"column\" data-e-type=\"column\">\n\t\t\t<div class=\"elementor-widget-wrap elementor-element-populated\">\n\t\t\t\t\t\t<div class=\"elementor-element elementor-element-6821cb8 elementor-alert-info elementor-widget elementor-widget-alert\" data-id=\"6821cb8\" data-element_type=\"widget\" data-e-type=\"widget\" data-widget_type=\"alert.default\">\n\t\t\t\t<div class=\"elementor-widget-container\">\n\t\t\t\t\t\t\t<div class=\"elementor-alert\" role=\"alert\">\n\n\t\t\t\t\t\t<span class=\"elementor-alert-title\">Av. Libertador entre calle Elice y Felix Sosa. Edf. Nuevo Centro. Piso 5, Oficina. C. Urbanizaci\u00f3n Chacao. Caracas-Venezuela.<\/span>\n\t\t\t\n\t\t\t\n\t\t\t\n\t\t<\/div>\n\t\t\t\t\t\t<\/div>\n\t\t\t\t<\/div>\n\t\t\t\t\t<\/div>\n\t\t<\/div>\n\t\t\t\t<div class=\"elementor-column elementor-col-33 elementor-top-column elementor-element elementor-element-f1670e4\" data-id=\"f1670e4\" data-element_type=\"column\" data-e-type=\"column\">\n\t\t\t<div class=\"elementor-widget-wrap elementor-element-populated\">\n\t\t\t\t\t\t<div class=\"elementor-element elementor-element-d1fdb26 elementor-alert-info elementor-widget elementor-widget-alert\" data-id=\"d1fdb26\" data-element_type=\"widget\" data-e-type=\"widget\" data-widget_type=\"alert.default\">\n\t\t\t\t<div class=\"elementor-widget-container\">\n\t\t\t\t\t\t\t<div class=\"elementor-alert\" role=\"alert\">\n\n\t\t\t\t\t\t<span class=\"elementor-alert-title\">  <\/span>\n\t\t\t\n\t\t\t\t\t\t<span class=\"elementor-alert-description\">+58 212-263.97.17\n+58 212-263.53.83\n+58 212-265.80.86\n\n<\/span>\n\t\t\t\n\t\t\t\n\t\t<\/div>\n\t\t\t\t\t\t<\/div>\n\t\t\t\t<\/div>\n\t\t\t\t\t<\/div>\n\t\t<\/div>\n\t\t\t\t\t<\/div>\n\t\t<\/section>\n\t\t\t\t<\/div>\n\t\t","protected":false},"excerpt":{"rendered":"<p>VISUR es una empresa l\u00edder en la industria de la construcci\u00f3n, con una trayectoria de \u00e9xito que se remonta al 24 de noviembre de 1975, cuando fue fundada con el objetivo de emprender actividades en este \u00e1mbito. Con m\u00e1s de cuatro d\u00e9cadas de experiencia y un s\u00f3lido compromiso con la calidad y la excelencia, VISUR [&hellip;]<\/p>\n","protected":false},"author":1,"featured_media":0,"parent":0,"menu_order":0,"comment_status":"closed","ping_status":"closed","template":"","meta":{"_monsterinsights_skip_tracking":false,"_monsterinsights_sitenote_active":false,"_monsterinsights_sitenote_note":"","_monsterinsights_sitenote_category":0,"footnotes":""},"class_list":["post-244","page","type-page","status-publish","hentry"],"jetpack_sharing_enabled":true,"jetpack-related-posts":[],"_links":{"self":[{"href":"https:\/\/visurca.com\/web2021\/wp-json\/wp\/v2\/pages\/244"}],"collection":[{"href":"https:\/\/visurca.com\/web2021\/wp-json\/wp\/v2\/pages"}],"about":[{"href":"https:\/\/visurca.com\/web2021\/wp-json\/wp\/v2\/types\/page"}],"author":[{"embeddable":true,"href":"https:\/\/visurca.com\/web2021\/wp-json\/wp\/v2\/users\/1"}],"replies":[{"embeddable":true,"href":"https:\/\/visurca.com\/web2021\/wp-json\/wp\/v2\/comments?post=244"}],"version-history":[{"count":232,"href":"https:\/\/visurca.com\/web2021\/wp-json\/wp\/v2\/pages\/244\/revisions"}],"predecessor-version":[{"id":2136,"href":"https:\/\/visurca.com\/web2021\/wp-json\/wp\/v2\/pages\/244\/revisions\/2136"}],"wp:attachment":[{"href":"https:\/\/visurca.com\/web2021\/wp-json\/wp\/v2\/media?parent=244"}],"curies":[{"name":"wp","href":"https:\/\/api.w.org\/{rel}","templated":true}]}}